{"id":554,"date":"2020-03-03T16:40:43","date_gmt":"2020-03-03T15:40:43","guid":{"rendered":"http:\/\/highmultiservice.de\/?page_id=554"},"modified":"2026-03-30T13:42:09","modified_gmt":"2026-03-30T11:42:09","slug":"impressium","status":"publish","type":"page","link":"https:\/\/highmultiservice.de\/?page_id=554","title":{"rendered":"Impressum"},"content":{"rendered":"\t\t<div data-elementor-type=\"wp-page\" data-elementor-id=\"554\" class=\"elementor elementor-554\">\n\t\t\t\t\t\t<div class=\"elementor-inner\">\n\t\t\t\t<div class=\"elementor-section-wrap\">\n\t\t\t\t\t\t\t\t\t<section class=\"elementor-section elementor-top-section elementor-element elementor-element-d78ff8a elementor-section-boxed elementor-section-height-default elementor-section-height-default\" data-id=\"d78ff8a\" data-element_type=\"section\">\n\t\t\t\t\t\t<div class=\"elementor-container elementor-column-gap-default\">\n\t\t\t\t\t\t\t<div class=\"elementor-row\">\n\t\t\t\t\t<div class=\"elementor-column elementor-col-100 elementor-top-column elementor-element elementor-element-0b1e5cc\" data-id=\"0b1e5cc\" data-element_type=\"column\">\n\t\t\t<div class=\"elementor-column-wrap elementor-element-populated\">\n\t\t\t\t\t\t\t<div class=\"elementor-widget-wrap\">\n\t\t\t\t\t\t<div class=\"elementor-element elementor-element-bafb80c elementor-widget elementor-widget-heading\" data-id=\"bafb80c\" data-element_type=\"widget\" data-widget_type=\"heading.default\">\n\t\t\t\t<div class=\"elementor-widget-container\">\n\t\t\t<h2 class=\"elementor-heading-title elementor-size-default\"><section itemscope=\"itemscope\" itemtype=\"https:\/\/schema.org\/CreativeWork\" style=\"border-color: rgb(235, 235, 235); font-style: normal; font-variant-ligatures: normal; font-variant-caps: normal; font-weight: 400; font-size: 15px; font-family: myfontswebfontskit, HelveticaNeue, &quot;Helvetica Neue&quot;, Helvetica-Neue, Helvetica, Arial, sans-serif; color: rgb(108, 108, 108); white-space: normal;\"><div itemprop=\"text\" style=\"border-color: rgb(235, 235, 235); font-size: inherit; line-height: 1.65em; clear: both;\"><h3 style=\"margin-bottom: 8px; border-color: rgb(235, 235, 235); font-size: 20px; line-height: 1.1em; font-family: myfontswebfontskit, HelveticaNeue, &quot;Helvetica Neue&quot;, Helvetica-Neue, Helvetica, Arial, sans-serif; color: rgb(1, 120, 167); letter-spacing: 0.01em !important;\">Impressum<\/h3><\/div><\/section><section itemscope=\"itemscope\" itemtype=\"https:\/\/schema.org\/CreativeWork\" style=\"border-color: rgb(235, 235, 235); font-style: normal; font-variant-ligatures: normal; font-variant-caps: normal; font-weight: 400; font-size: 15px; font-family: myfontswebfontskit, HelveticaNeue, &quot;Helvetica Neue&quot;, Helvetica-Neue, Helvetica, Arial, sans-serif; color: rgb(108, 108, 108); white-space: normal;\"><div itemprop=\"text\" style=\"border-color: rgb(235, 235, 235); font-size: inherit; line-height: 1.65em; clear: both;\"><h3 style=\"margin-bottom: 8px; border-color: rgb(235, 235, 235); font-size: 20px; line-height: 1.1em; font-family: myfontswebfontskit, HelveticaNeue, &quot;Helvetica Neue&quot;, Helvetica-Neue, Helvetica, Arial, sans-serif; color: rgb(1, 120, 167); letter-spacing: 0.01em !important;\">High Multi Service<\/h3><\/div><\/section><\/h2>\t\t<\/div>\n\t\t\t\t<\/div>\n\t\t\t\t\t\t<\/div>\n\t\t\t\t\t<\/div>\n\t\t<\/div>\n\t\t\t\t\t\t\t\t<\/div>\n\t\t\t\t\t<\/div>\n\t\t<\/section>\n\t\t\t\t<section class=\"elementor-section elementor-top-section elementor-element elementor-element-84acb06 elementor-section-boxed elementor-section-height-default elementor-section-height-default\" data-id=\"84acb06\" data-element_type=\"section\">\n\t\t\t\t\t\t<div class=\"elementor-container elementor-column-gap-default\">\n\t\t\t\t\t\t\t<div class=\"elementor-row\">\n\t\t\t\t\t<div class=\"elementor-column elementor-col-100 elementor-top-column elementor-element elementor-element-591fecc\" data-id=\"591fecc\" data-element_type=\"column\">\n\t\t\t<div class=\"elementor-column-wrap elementor-element-populated\">\n\t\t\t\t\t\t\t<div class=\"elementor-widget-wrap\">\n\t\t\t\t\t\t<div class=\"elementor-element elementor-element-b5a4e2d elementor-widget elementor-widget-text-editor\" data-id=\"b5a4e2d\" data-element_type=\"widget\" data-widget_type=\"text-editor.default\">\n\t\t\t\t<div class=\"elementor-widget-container\">\n\t\t\t\t\t\t\t\t<div class=\"elementor-text-editor elementor-clearfix\">\n\t\t\t\t<p style=\"margin-top: 0.85em; margin-bottom: 0.85em; border-color: #ebebeb; font-style: normal; font-variant-ligatures: normal; font-variant-caps: normal; font-weight: 400; font-size: 15px; font-family: myfontswebfontskit, HelveticaNeue, 'Helvetica Neue', Helvetica-Neue, Helvetica, Arial, sans-serif; color: #6c6c6c;\"><strong style=\"font-family: myfontswebfontskit, HelveticaNeue, 'Helvetica Neue', Helvetica-Neue, Helvetica, Arial, sans-serif; font-size: inherit; font-style: normal; font-variant-ligatures: normal; font-variant-caps: normal; border-color: #ebebeb; color: #0178a7;\">High Multi Service &#8211; Sunil Chand<\/strong><\/p><h5 style=\"margin-top: 0.85em; margin-bottom: 0.85em; border-color: #ebebeb; font-variant-ligatures: normal; font-variant-caps: normal; font-family: myfontswebfontskit, HelveticaNeue, 'Helvetica Neue', Helvetica-Neue, Helvetica, Arial, sans-serif; font-style: normal; font-weight: 400; color: #6c6c6c;\">Yorkstr. 26<br \/>52351 D\u00fcren<\/h5><div><div style=\"font-variant-ligatures: normal; font-variant-caps: normal;\"><span style=\"font-variant-ligatures: normal; font-variant-caps: normal; font-family: myfontswebfontskit, HelveticaNeue,;\">Inhaber<\/span><span style=\"font-variant-ligatures: normal; font-variant-caps: normal; font-family: myfontswebfontskit, HelveticaNeue,;\">:<\/span><\/div><h5 style=\"margin-top: 0.85em; margin-bottom: 0.85em; border-color: #ebebeb; font-variant-ligatures: normal; font-variant-caps: normal; font-family: myfontswebfontskit, HelveticaNeue,;\">Herr Sunil Chand<\/h5><\/div><p style=\"margin-top: 0.85em; margin-bottom: 0.85em; border-color: #ebebeb; font-style: normal; font-variant-ligatures: normal; font-variant-caps: normal; font-weight: 400; font-size: 15px; font-family: myfontswebfontskit, HelveticaNeue, 'Helvetica Neue', Helvetica-Neue, Helvetica, Arial, sans-serif; color: #6c6c6c;\"><strong style=\"border-color: #ebebeb; font-size: inherit; color: #0178a7;\">Umsatzsteuer-Identifikationsnummer:\u00a0<\/strong><\/p><h5 style=\"margin-top: 0.85em; margin-bottom: 0.85em; border-color: #ebebeb; font-variant-ligatures: normal; font-variant-caps: normal; font-family: myfontswebfontskit, HelveticaNeue, 'Helvetica Neue', Helvetica-Neue, Helvetica, Arial, sans-serif; font-style: normal; font-weight: 400; color: #6c6c6c;\">DE330403976<\/h5><p style=\"margin-top: 0.85em; margin-bottom: 0.85em; border-color: #ebebeb; font-style: normal; font-variant-ligatures: normal; font-variant-caps: normal; font-weight: 400; font-size: 15px; font-family: myfontswebfontskit, HelveticaNeue, 'Helvetica Neue', Helvetica-Neue, Helvetica, Arial, sans-serif; color: #6c6c6c;\"><strong style=\"font-family: myfontswebfontskit, HelveticaNeue, 'Helvetica Neue', Helvetica-Neue, Helvetica, Arial, sans-serif; font-size: inherit; font-style: normal; font-variant-ligatures: normal; font-variant-caps: normal; border-color: #ebebeb; color: #0178a7;\">Kontaktdaten<\/strong><\/p><h5 style=\"margin-top: 0.85em; margin-bottom: 0.85em; border-color: #ebebeb; font-variant-ligatures: normal; font-variant-caps: normal; font-family: myfontswebfontskit, HelveticaNeue, 'Helvetica Neue', Helvetica-Neue, Helvetica, Arial, sans-serif; font-style: normal; font-weight: 400; color: #6c6c6c;\">Telefon: 02421\/4963414<\/h5><h5 style=\"margin-top: 0.85em; margin-bottom: 0.85em; border-color: #ebebeb; font-variant-ligatures: normal; font-variant-caps: normal; font-family: myfontswebfontskit, HelveticaNeue, 'Helvetica Neue', Helvetica-Neue, Helvetica, Arial, sans-serif; font-style: normal; font-weight: 400; color: #6c6c6c;\">E-Mail:<span style=\"font-family: myfontswebfontskit, HelveticaNeue, 'Helvetica Neue', Helvetica-Neue, Helvetica, Arial, sans-serif; font-size: 15px; font-style: normal; font-variant-ligatures: normal; font-variant-caps: normal; font-weight: 400;\"> info@highmultiservice.de<\/span><\/h5><div><p style=\"margin-top: 0.85em; margin-bottom: 0.85em; border-color: #ebebeb; font-style: normal; font-variant-ligatures: normal; font-variant-caps: normal; font-weight: 400; font-size: 15px; font-family: myfontswebfontskit, HelveticaNeue, 'Helvetica Neue', Helvetica-Neue, Helvetica, Arial, sans-serif; color: #6c6c6c;\"><strong style=\"border-color: #ebebeb; font-size: inherit; color: #0178a7;\">Handwerkskammer Aachen:<\/strong><\/p><h5 style=\"margin-top: 0.85em; margin-bottom: 0.85em; border-color: #ebebeb; font-variant-ligatures: normal; font-variant-caps: normal; font-family: myfontswebfontskit, HelveticaNeue, 'Helvetica Neue', Helvetica-Neue, Helvetica, Arial, sans-serif; font-style: normal; font-weight: 400; color: #6c6c6c;\">Betriebsnr. 3091276<\/h5><\/div><div><span style=\"border-color: #ebebeb; font-variant-ligatures: normal; font-variant-caps: normal; font-family: myfontswebfontskit, HelveticaNeue, 'Helvetica Neue', Helvetica-Neue, Helvetica, Arial, sans-serif; font-size: inherit; font-style: normal; font-weight: 600; color: #0178a7;\">Gl\u00e4ubiger-ID:<\/span><\/div><div><h5 style=\"margin-top: 0.85em; margin-bottom: 0.85em; border-color: #ebebeb; font-variant-ligatures: normal; font-variant-caps: normal; font-family: myfontswebfontskit, HelveticaNeue, 'Helvetica Neue', Helvetica-Neue, Helvetica, Arial, sans-serif; font-style: normal; font-weight: 400; color: #6c6c6c;\">DE79ZZZ00002513466<\/h5><\/div><p style=\"margin-top: 0.85em; margin-bottom: 0.85em; border-color: #ebebeb; font-style: normal; font-variant-ligatures: normal; font-variant-caps: normal; font-weight: 400; font-size: 15px; font-family: myfontswebfontskit, HelveticaNeue, 'Helvetica Neue', Helvetica-Neue, Helvetica, Arial, sans-serif; color: #6c6c6c;\"><span style=\"color: #0178a7; font-family: myfontswebfontskit, HelveticaNeue, 'Helvetica Neue', Helvetica-Neue, Helvetica, Arial, sans-serif; font-size: 20px; font-style: normal; font-variant-ligatures: normal; font-variant-caps: normal; font-weight: 600; letter-spacing: 0.01em;\">Haftungshinweis<\/span><\/p><p style=\"margin-top: 0.85em; margin-bottom: 0.85em; border-color: #ebebeb; font-style: normal; font-variant-ligatures: normal; font-variant-caps: normal; font-weight: 400; font-size: 15px; font-family: myfontswebfontskit, HelveticaNeue, 'Helvetica Neue', Helvetica-Neue, Helvetica, Arial, sans-serif; color: #6c6c6c;\"><strong style=\"border-color: #ebebeb; font-size: inherit; color: #0178a7;\">Haftung f\u00fcr Inhalte<br \/><\/strong>Als Diensteanbieter sind wir gem\u00e4\u00df \u00a7 7 Abs.1 TMG f\u00fcr eigene Inhalte auf diesen Seiten nach den allgemeinen Gesetzen verantwortlich. Nach \u00a7\u00a7 8 bis 10 TMG sind wir als Diensteanbieter jedoch nicht verpflichtet, \u00fcbermittelte oder gespeicherte fremde Informationen zu \u00fcberwachen oder nach Umst\u00e4nden zu forschen, die auf eine rechtswidrige T\u00e4tigkeit hinweisen.<\/p><p style=\"margin-top: 0.85em; margin-bottom: 0.85em; border-color: #ebebeb; font-style: normal; font-variant-ligatures: normal; font-variant-caps: normal; font-weight: 400; font-size: 15px; font-family: myfontswebfontskit, HelveticaNeue, 'Helvetica Neue', Helvetica-Neue, Helvetica, Arial, sans-serif; color: #6c6c6c;\">Verpflichtungen zur Entfernung oder Sperrung der Nutzung von Informationen nach den allgemeinen Gesetzen bleiben hiervon unber\u00fchrt. Eine diesbez\u00fcgliche Haftung ist jedoch erst ab dem Zeitpunkt der Kenntnis einer konkreten Rechtsverletzung m\u00f6glich. Bei Bekanntwerden von entsprechenden Rechtsverletzungen werden wir diese Inhalte umgehend entfernen.<\/p><p style=\"margin-top: 0.85em; margin-bottom: 0.85em; border-color: #ebebeb; font-style: normal; font-variant-ligatures: normal; font-variant-caps: normal; font-weight: 400; font-size: 15px; font-family: myfontswebfontskit, HelveticaNeue, 'Helvetica Neue', Helvetica-Neue, Helvetica, Arial, sans-serif; color: #6c6c6c;\"><strong style=\"border-color: #ebebeb; font-size: inherit; color: #0178a7;\">Externe Links<br \/><\/strong>Unser Angebot enth\u00e4lt Links zu externen Websites Dritter, auf deren Inhalte wir keinen Einfluss haben. Deshalb k\u00f6nnen wir f\u00fcr diese fremden Inhalte auch keine Gew\u00e4hr \u00fcbernehmen. F\u00fcr die Inhalte der verlinkten Seiten ist stets der jeweilige Anbieter oder Betreiber der Seiten verantwortlich. Die verlinkten Seiten wurden zum Zeitpunkt der Verlinkung auf m\u00f6gliche Rechtsverst\u00f6\u00dfe \u00fcberpr\u00fcft. Rechtswidrige Inhalte waren zum Zeitpunkt der Verlinkung nicht erkennbar.<\/p><p style=\"margin-top: 0.85em; margin-bottom: 0.85em; border-color: #ebebeb; font-style: normal; font-variant-ligatures: normal; font-variant-caps: normal; font-weight: 400; font-size: 15px; font-family: myfontswebfontskit, HelveticaNeue, 'Helvetica Neue', Helvetica-Neue, Helvetica, Arial, sans-serif; color: #6c6c6c;\">Eine permanente inhaltliche Kontrolle der verlinkten Seiten ist jedoch ohne konkrete Anhaltspunkte einer Rechtsverletzung nicht zumutbar. Bei Bekanntwerden von Rechtsverletzungen werden wir derartige Links umgehend entfernen.<\/p><p style=\"margin-top: 0.85em; margin-bottom: 0.85em; border-color: #ebebeb; font-style: normal; font-variant-ligatures: normal; font-variant-caps: normal; font-weight: 400; font-size: 15px; font-family: myfontswebfontskit, HelveticaNeue, 'Helvetica Neue', Helvetica-Neue, Helvetica, Arial, sans-serif; color: #6c6c6c;\"><strong style=\"border-color: #ebebeb; font-size: inherit; color: #0178a7;\">Streitschlichtung<br \/><\/strong>Die Europ\u00e4ische Kommission stellt eine Plattform zur Online-Streitbeilegung (OS) bereit:\u00a0<a style=\"border-color: #ebebeb; font-size: inherit; text-decoration-line: underline; max-width: 100%; color: #0178a7;\" href=\"https:\/\/ec.europa.eu\/consumers\/odr\" target=\"_blank\" rel=\"noopener noreferrer\">https:\/\/ec.europa.eu\/consumers\/odr<\/a>.<br \/>Unsere E-Mail-Adresse finden Sie oben im Impressum.<\/p><p style=\"margin-top: 0.85em; margin-bottom: 0.85em; border-color: #ebebeb; font-style: normal; font-variant-ligatures: normal; font-variant-caps: normal; font-weight: 400; font-size: 15px; font-family: myfontswebfontskit, HelveticaNeue, 'Helvetica Neue', Helvetica-Neue, Helvetica, Arial, sans-serif; color: #6c6c6c;\">Wir sind nicht bereit oder verpflichtet, an Streitbeilegungsverfahren vor einer Verbraucherschlichtungsstelle teilzunehmen.<\/p><p style=\"margin-top: 0.85em; margin-bottom: 0.85em; border-color: #ebebeb; font-style: normal; font-variant-ligatures: normal; font-variant-caps: normal; font-weight: 400; font-size: 15px; font-family: myfontswebfontskit, HelveticaNeue, 'Helvetica Neue', Helvetica-Neue, Helvetica, Arial, sans-serif; color: #6c6c6c;\"><strong style=\"border-color: #ebebeb; font-size: inherit; color: #0178a7;\">Urheberrechtshinweise<\/strong><br \/>Alle auf dieser Website ver\u00f6ffentlichen Beitr\u00e4ge und Abbildungen sind urheberrechtlich gesch\u00fctzt. Jede vom Urheberrechtsgesetz nicht zugelassene Verwertung bedarf vorheriger schriftlicher Zustimmung der High Multi Service . Dies gilt insbesondere f\u00fcr Vervielf\u00e4ltigung, Bearbeitung, Vorf\u00fchrung, Vermietung, Leihe, Sendung, \u00dcbersetzung, Einspeicherung, Verarbeitung bzw. Wiedergabe von Inhalten in Datenbanken oder anderen elektronischen Medien und Systemen. Fotokopien und Downloads von Web-Seiten d\u00fcrfen nur f\u00fcr den pers\u00f6nlichen, privaten und nicht kommerziellen Gebrauch hergestellt werden. Alle Rechte bleiben vorbehalten. Die <span style=\"font-family: myfontswebfontskit, HelveticaNeue, 'Helvetica Neue', Helvetica-Neue, Helvetica, Arial, sans-serif; font-size: 15px; font-style: normal; font-variant-ligatures: normal; font-variant-caps: normal; font-weight: 400;\">High Multi Service<\/span>\u00a0als Rechteinhaber beh\u00e4lt sich das Recht vor, jederzeit und ohne vorheriger Ank\u00fcndigung, Verbesserungen und \u00c4nderungen an der Website oder einzelner Inhalte vorzunehmen.<\/p><p style=\"margin-top: 0.85em; margin-bottom: 0.85em; border-color: #ebebeb; font-style: normal; font-variant-ligatures: normal; font-variant-caps: normal; font-weight: 400; font-size: 15px; font-family: myfontswebfontskit, HelveticaNeue, 'Helvetica Neue', Helvetica-Neue, Helvetica, Arial, sans-serif; color: #6c6c6c;\"><strong style=\"border-color: #ebebeb; font-size: inherit; color: #0178a7;\">Unverbindlichkeit von Informationen<\/strong><br \/>Die Inhalte dieser Website werden mit gr\u00f6\u00dfter Sorgfalt erstellt. Gleichwohl \u00fcbernimmt die\u00a0<span style=\"font-family: myfontswebfontskit, HelveticaNeue, 'Helvetica Neue', Helvetica-Neue, Helvetica, Arial, sans-serif; font-size: 15px; font-style: normal; font-variant-ligatures: normal; font-variant-caps: normal; font-weight: 400;\">High Multi Service<\/span>\u00a0keine Haftung f\u00fcr die Richtigkeit, Vollst\u00e4ndigkeit und Aktualit\u00e4t der bereitgestellten Informationen.<\/p><p style=\"margin-top: 0.85em; margin-bottom: 0.85em; border-color: #ebebeb; font-style: normal; font-variant-ligatures: normal; font-variant-caps: normal; font-weight: 400; font-size: 15px; font-family: myfontswebfontskit, HelveticaNeue, 'Helvetica Neue', Helvetica-Neue, Helvetica, Arial, sans-serif; color: #6c6c6c;\"><strong style=\"border-color: #ebebeb; font-size: inherit; color: #0178a7;\">Unverbindlichkeit der Ausk\u00fcnfte<\/strong><br \/>Die Informationen, die auf dieser Website bereitgestellt werden, sind allgemeiner Art und entbinden nicht von der \u00dcberpr\u00fcfungspflicht des Nutzers<\/p>\t\t\t\t\t<\/div>\n\t\t\t\t\t\t<\/div>\n\t\t\t\t<\/div>\n\t\t\t\t\t\t<\/div>\n\t\t\t\t\t<\/div>\n\t\t<\/div>\n\t\t\t\t\t\t\t\t<\/div>\n\t\t\t\t\t<\/div>\n\t\t<\/section>\n\t\t\t\t\t\t\t\t\t<\/div>\n\t\t\t<\/div>\n\t\t\t\t\t<\/div>\n\t\t","protected":false},"excerpt":{"rendered":"<p>Impressum High Multi Service High Multi Service &#8211; Sunil Chand Yorkstr. 2652351 D\u00fcren Inhaber: Herr Sunil Chand Umsatzsteuer-Identifikationsnummer:\u00a0 DE330403976 Kontaktdaten Telefon: 02421\/4963414 E-Mail: info@highmultiservice.de Handwerkskammer Aachen: Betriebsnr. 3091276 Gl\u00e4ubiger-ID: DE79ZZZ00002513466 Haftungshinweis Haftung f\u00fcr InhalteAls Diensteanbieter sind wir gem\u00e4\u00df \u00a7 7 Abs.1 TMG f\u00fcr eigene Inhalte auf diesen Seiten nach den allgemeinen Gesetzen verantwortlich. Nach \u00a7\u00a7 [&hellip;]<\/p>\n","protected":false},"author":1,"featured_media":0,"parent":0,"menu_order":0,"comment_status":"closed","ping_status":"closed","template":"elementor_header_footer","meta":{"footnotes":""},"class_list":["post-554","page","type-page","status-publish","hentry","entry"],"_links":{"self":[{"href":"https:\/\/highmultiservice.de\/index.php?rest_route=\/wp\/v2\/pages\/554","targetHints":{"allow":["GET"]}}],"collection":[{"href":"https:\/\/highmultiservice.de\/index.php?rest_route=\/wp\/v2\/pages"}],"about":[{"href":"https:\/\/highmultiservice.de\/index.php?rest_route=\/wp\/v2\/types\/page"}],"author":[{"embeddable":true,"href":"https:\/\/highmultiservice.de\/index.php?rest_route=\/wp\/v2\/users\/1"}],"replies":[{"embeddable":true,"href":"https:\/\/highmultiservice.de\/index.php?rest_route=%2Fwp%2Fv2%2Fcomments&post=554"}],"version-history":[{"count":29,"href":"https:\/\/highmultiservice.de\/index.php?rest_route=\/wp\/v2\/pages\/554\/revisions"}],"predecessor-version":[{"id":1131,"href":"https:\/\/highmultiservice.de\/index.php?rest_route=\/wp\/v2\/pages\/554\/revisions\/1131"}],"wp:attachment":[{"href":"https:\/\/highmultiservice.de\/index.php?rest_route=%2Fwp%2Fv2%2Fmedia&parent=554"}],"curies":[{"name":"wp","href":"https:\/\/api.w.org\/{rel}","templated":true}]}}